{"id":277,"date":"2019-03-06T19:12:55","date_gmt":"2019-03-06T18:12:55","guid":{"rendered":"https:\/\/maik-broemme-consulting.com\/?page_id=277"},"modified":"2021-10-19T18:27:31","modified_gmt":"2021-10-19T16:27:31","slug":"impressum","status":"publish","type":"page","link":"https:\/\/maik-broemme-consulting.com\/index.php\/impressum\/","title":{"rendered":"Impressum"},"content":{"rendered":"\n<h1>Impressum<\/h1>\n\n<h5>Angaben gem\u00e4\u00df \u00a7 5 TMG<\/h5>\n<p>Maik Br\u00f6mme<br>\nMaik Br\u00f6mme Consulting<br>\nGr\u00fcner Wald 5<br>\n21614 Buxtehude<\/p>\n\n<h5>Kontakt<\/h5>\n<p>Telefon: +49 171 4862607<br>\nE-Mail: maik.broemme@gmx.de<\/p>\n\n<h5>Umsatzsteuer-ID<\/h5>\n<p>Umsatzsteuer-Identifikationsnummer gem\u00e4\u00df \u00a727 a Umsatzsteuergesetz:<br>\nDE280064427<\/p>\n\n<h5>EU-Streitschlichtung<\/h5>\n<p>Die Europ\u00e4ische Kommission stellt eine Plattform zur Online-Streitbeilegung (OS) bereit: <a href=\"https:\/\/ec.europa.eu\/consumers\/odr\/\" target=\"_blank\" rel=\"noopener noreferrer\">https:\/\/ec.europa.eu\/consumers\/odr\/<\/a>.<br> Unsere E-Mail-Adresse finden Sie oben im Impressum.<\/p>\n\n<h5>Verbraucher\u00adstreit\u00adbeilegung\/Universal\u00adschlichtungs\u00adstelle<\/h5>\n<p>Wir sind nicht bereit oder verpflichtet, an Streitbeilegungsverfahren vor einer Verbraucherschlichtungsstelle teilzunehmen.<\/p>\n","protected":false},"excerpt":{"rendered":"<p>Impressum Angaben gem\u00e4\u00df \u00a7 5 TMG Maik Br\u00f6mme Maik Br\u00f6mme Consulting Gr\u00fcner Wald 5 21614 Buxtehude Kontakt Telefon: +49 171 4862607 E-Mail: maik.broemme@gmx.de Umsatzsteuer-ID Umsatzsteuer-Identifikationsnummer gem\u00e4\u00df \u00a727 a Umsatzsteuergesetz: DE280064427 EU-Streitschlichtung Die Europ\u00e4ische Kommission stellt eine Plattform zur Online-Streitbeilegung (OS) bereit: https:\/\/ec.europa.eu\/consumers\/odr\/. Unsere E-Mail-Adresse finden Sie oben im Impressum. Verbraucher\u00adstreit\u00adbeilegung\/Universal\u00adschlichtungs\u00adstelle Wir sind nicht bereit oder [&hellip;]<\/p>\n","protected":false},"author":1,"featured_media":0,"parent":0,"menu_order":0,"comment_status":"closed","ping_status":"closed","template":"templates\/template-page-full-width.php","meta":[],"_links":{"self":[{"href":"https:\/\/maik-broemme-consulting.com\/index.php\/wp-json\/wp\/v2\/pages\/277"}],"collection":[{"href":"https:\/\/maik-broemme-consulting.com\/index.php\/wp-json\/wp\/v2\/pages"}],"about":[{"href":"https:\/\/maik-broemme-consulting.com\/index.php\/wp-json\/wp\/v2\/types\/page"}],"author":[{"embeddable":true,"href":"https:\/\/maik-broemme-consulting.com\/index.php\/wp-json\/wp\/v2\/users\/1"}],"replies":[{"embeddable":true,"href":"https:\/\/maik-broemme-consulting.com\/index.php\/wp-json\/wp\/v2\/comments?post=277"}],"version-history":[{"count":17,"href":"https:\/\/maik-broemme-consulting.com\/index.php\/wp-json\/wp\/v2\/pages\/277\/revisions"}],"predecessor-version":[{"id":671,"href":"https:\/\/maik-broemme-consulting.com\/index.php\/wp-json\/wp\/v2\/pages\/277\/revisions\/671"}],"wp:attachment":[{"href":"https:\/\/maik-broemme-consulting.com\/index.php\/wp-json\/wp\/v2\/media?parent=277"}],"curies":[{"name":"wp","href":"https:\/\/api.w.org\/{rel}","templated":true}]}}